{"id":1662,"date":"2023-06-13T12:28:36","date_gmt":"2023-06-13T12:28:36","guid":{"rendered":"https:\/\/gothards.lv\/?page_id=1662"},"modified":"2024-01-03T08:38:02","modified_gmt":"2024-01-03T08:38:02","slug":"internal-rules-of-procedure","status":"publish","type":"page","link":"https:\/\/gothards.lv\/en\/internal-rules-of-procedure\/","title":{"rendered":"Booking rules"},"content":{"rendered":"<div data-elementor-type=\"wp-page\" data-elementor-id=\"1662\" class=\"elementor elementor-1662\">\n\t\t\t\t<div class=\"elementor-element elementor-element-7974940 e-flex e-con-boxed e-con e-parent\" data-id=\"7974940\" data-element_type=\"container\">\n\t\t\t\t\t<div class=\"e-con-inner\">\n\t\t\t\t<div class=\"elementor-element elementor-element-b296afc elementor-widget elementor-widget-heading\" data-id=\"b296afc\" data-element_type=\"widget\" data-widget_type=\"heading.default\">\n\t\t\t\t<div class=\"elementor-widget-container\">\n\t\t\t\t\t<h2 class=\"elementor-heading-title elementor-size-default\">Booking and Internal Rules of Regulation<\/h2>\t\t\t\t<\/div>\n\t\t\t\t<\/div>\n\t\t\t\t<div class=\"elementor-element elementor-element-77f2dbb elementor-widget elementor-widget-text-editor\" data-id=\"77f2dbb\" data-element_type=\"widget\" data-widget_type=\"text-editor.default\">\n\t\t\t\t<div class=\"elementor-widget-container\">\n\t\t\t\t\t\t\t\t\t<div class=\"page\" title=\"Page 1\"><div class=\"layoutArea\"><div class=\"column\"><p><strong>Registering at the hotel:<\/strong>: to register at the hotel, each legal adult staying at the accommodation should provide a valid passport or ID card and fill out a registration form. Children under the age of 18 must be under the supervision of an adult.<\/p><p><strong>Time of arrival:<\/strong>: from 15:00 till 20:00; <strong>Check-out time:<\/strong>: until 12.00<\/p><p><strong>Parking<\/strong>: hotel guests have access to free parking in the hotel yard. Each apartment has a designated spot for 1 car.<\/p><p><strong>Internet<\/strong>: all guests have access to free wireless internet on the hotel grounds.<\/p><p><strong>Smoking<\/strong>: Smoking is strictly prohibited inside Hotel Gothards apartments (including electronic cigarettes and IQOS). Penalty for non-compliance with this rule is a 200EUR fine per person.<\/p><p><strong>Pets<\/strong>: the hotel does not allow pets.<\/p><p><strong>Personal data processing and video surveillance<\/strong>: SIA Business Factory as the owner of Hotel Gothards, in accordance with personal data protection requirements, has the right to process the following personal data:<\/p><ul><li>Video surveillance is recorded in the hotel territory. The footage is used for the prevention or detection of criminal offences related to the Protection of the property of SIA Business Factory and hotel guests and the vital interests of individuals, including life and health protection. Manager \u2013 SIA Business Factory structural unit Hotel Gothards, address: Jaunsaimnieku 1C, Kuld\u012bga, LV-3301. Contact information: +371 27398983; info@gothards.lv.<\/li><li>Personal data is submitted in guest registration forms. The data is processed with the aim of ensuring hotel service, keeping hotel records, receiving payments from guests for the use of services, and the preparation of reports and statistics.<\/li><li>Klientam ir tiesi\u0304bas iepazi\u0304ties ar saviem personas datiem, ka\u0304 ari\u0304 ta\u0304 tiesi\u0304ba\u0304m pie viesni\u0304cas administra\u0304cijas pe\u0304c adreses: Jaunsaimnieku iela\u0304 1C, Kuldi\u0304ga\u0304, LV-3301 vai ari\u0304 su\u0304tot pieprasi\u0304juma e-pastu uz info@gothards.lv.<\/li><li>The client has the right to get acquainted with their personal data, as well as their rights with the hotel administration located in Jaunsaimnieku street 1C, Kuld\u012bga, LV-3301 or by sending a request to info@gothards.lv.<\/li><\/ul><p>Hotel Gothards administration does not take responsibility for guests' personal belongings. It is free for guests to use individual safes (in rooms).<\/p><p>It is forbidden to burn candles in the rooms without prior agreement (as well as to leave burning candles unattended). It is forbidden to bring and store flammable objects and substances in the hotel.<\/p><p>It is forbidden to damage and move the inventory, furniture, and belongings of Hotel Gothards. It is also prohibited to move indoors furniture outside the room. In case of damage to the inventory, furniture or belongings, the hotel administration alone determines the amount of compensation. Damaged (i.e. scratched) appliances, furniture, household appliances or hotel inventory repair or cleaning services (wet beds, blankets, etc.) are determined after the actual repair and cleaning price list. The proof of damage is recorded by drawing up a deed, which is accompanied by photos showing the evidence of the damage.<\/p><p>Disturbing the peace of other guests with loud or inappropriate behavior is prohibited in the hotel. The hotel and its territory have special quiet hours from 11:00 p.m. to 6:00 a.m.<\/p><p>For security reasons, visitors are not allowed to stay in the hotel after 23:00. The guest has full responsibility for the actions of their visitors.<\/p><p>The administration of Hotel Gothards has the right to stop the provision of services and order to vacate the hotel premises and territory if the hotel guests do not follow the generally accepted norms of behaviour, the instructions of the hotel administration or if their actions disturb the peace of other guests.<\/p><p>The hotel staff has the right to refuse to serve a customer who is under heavy influence of alcohol. In this case money for reserved and paid services is not returned.<\/p><p>The hotel administration holds the right to refuse services for non-compliance with the Internal Rules stated in this document without returning the money paid for the room and the security deposit.<\/p><p>The company does not take responsibility for damages, and losses, caused by accidents or other reasons. The company does not take responsibility for injuries caused by hotel guest's negligence, lack of due care, or sloppiness as a result of non-compliance, incl. as a result of not following the instructions of the service personnel.<\/p><\/div><\/div><\/div>\t\t\t\t\t\t\t\t<\/div>\n\t\t\t\t<\/div>\n\t\t\t\t\t<\/div>\n\t\t\t\t<\/div>\n\t\t\t\t<\/div>","protected":false},"excerpt":{"rendered":"<p>Rezerv\u0101cijas un iek\u0161\u0113j\u0101s k\u0101rt\u012bbas noteikumi Reg\u0327istra\u0304cija viesni\u0304ca\u0304: lai reg\u0327istre\u0304tos viesni\u0304ca\u0304, visiem numura\u0304 dzi\u0304vojos\u030cajiem pilngadi\u0304gajiem viesiem ir ja\u0304uzra\u0304da deri\u0304gs personu apliecinos\u030cs dokuments (pase vai ID karte), ka\u0304 ari\u0304 ja\u0304aizpilda viesa reg\u0327istra\u0304cijas anketa; Be\u0304rniem li\u0304dz 18 gadu vecumam ir ja\u0304atrodas veca\u0304ku vai pilnvarotas personas uzraudzi\u0304ba\u0304. Ieras\u030canas laiks viesni\u0304ca\u0304: no plkst. 15:00 \u2013 20:00; Izbrauks\u030canas laiks: li\u0304dz pulkst. [&hellip;]<\/p>\n","protected":false},"author":2,"featured_media":0,"parent":0,"menu_order":0,"comment_status":"closed","ping_status":"closed","template":"","meta":{"ocean_post_layout":"full-screen","ocean_both_sidebars_style":"","ocean_both_sidebars_content_width":0,"ocean_both_sidebars_sidebars_width":0,"ocean_sidebar":"0","ocean_second_sidebar":"0","ocean_disable_margins":"on","ocean_add_body_class":"","ocean_shortcode_before_top_bar":"","ocean_shortcode_after_top_bar":"","ocean_shortcode_before_header":"","ocean_shortcode_after_header":"","ocean_has_shortcode":"","ocean_shortcode_after_title":"","ocean_shortcode_before_footer_widgets":"","ocean_shortcode_after_footer_widgets":"","ocean_shortcode_before_footer_bottom":"","ocean_shortcode_after_footer_bottom":"","ocean_display_top_bar":"off","ocean_display_header":"default","ocean_header_style":"","ocean_center_header_left_menu":"0","ocean_custom_header_template":"0","ocean_custom_logo":0,"ocean_custom_retina_logo":0,"ocean_custom_logo_max_width":0,"ocean_custom_logo_tablet_max_width":0,"ocean_custom_logo_mobile_max_width":0,"ocean_custom_logo_max_height":0,"ocean_custom_logo_tablet_max_height":0,"ocean_custom_logo_mobile_max_height":0,"ocean_header_custom_menu":"0","ocean_menu_typo_font_family":"0","ocean_menu_typo_font_subset":"","ocean_menu_typo_font_size":0,"ocean_menu_typo_font_size_tablet":0,"ocean_menu_typo_font_size_mobile":0,"ocean_menu_typo_font_size_unit":"px","ocean_menu_typo_font_weight":"","ocean_menu_typo_font_weight_tablet":"","ocean_menu_typo_font_weight_mobile":"","ocean_menu_typo_transform":"","ocean_menu_typo_transform_tablet":"","ocean_menu_typo_transform_mobile":"","ocean_menu_typo_line_height":0,"ocean_menu_typo_line_height_tablet":0,"ocean_menu_typo_line_height_mobile":0,"ocean_menu_typo_line_height_unit":"","ocean_menu_typo_spacing":0,"ocean_menu_typo_spacing_tablet":0,"ocean_menu_typo_spacing_mobile":0,"ocean_menu_typo_spacing_unit":"","ocean_menu_link_color":"","ocean_menu_link_color_hover":"","ocean_menu_link_color_active":"","ocean_menu_link_background":"","ocean_menu_link_hover_background":"","ocean_menu_link_active_background":"","ocean_menu_social_links_bg":"","ocean_menu_social_hover_links_bg":"","ocean_menu_social_links_color":"","ocean_menu_social_hover_links_color":"","ocean_disable_title":"on","ocean_disable_heading":"default","ocean_post_title":"","ocean_post_subheading":"","ocean_post_title_style":"","ocean_post_title_background_color":"","ocean_post_title_background":0,"ocean_post_title_bg_image_position":"","ocean_post_title_bg_image_attachment":"","ocean_post_title_bg_image_repeat":"","ocean_post_title_bg_image_size":"","ocean_post_title_height":0,"ocean_post_title_bg_overlay":0.5,"ocean_post_title_bg_overlay_color":"","ocean_disable_breadcrumbs":"off","ocean_breadcrumbs_color":"","ocean_breadcrumbs_separator_color":"","ocean_breadcrumbs_links_color":"","ocean_breadcrumbs_links_hover_color":"","ocean_display_footer_widgets":"off","ocean_display_footer_bottom":"off","ocean_custom_footer_template":"0","footnotes":""},"class_list":["post-1662","page","type-page","status-publish","hentry","entry"],"yoast_head":"<!-- This site is optimized with the Yoast SEO Premium plugin v18.4 (Yoast SEO v27.6) - https:\/\/yoast.com\/product\/yoast-seo-premium-wordpress\/ -->\n<title>Rezerv\u0101cijas noteikumi - Hotel Gothards<\/title>\n<meta name=\"robots\" content=\"index, follow, max-snippet:-1, max-image-preview:large, max-video-preview:-1\" \/>\n<link rel=\"canonical\" href=\"https:\/\/gothards.lv\/en\/internal-rules-of-procedure\/\" \/>\n<meta property=\"og:locale\" content=\"en_GB\" \/>\n<meta property=\"og:type\" content=\"article\" \/>\n<meta property=\"og:title\" content=\"Rezerv\u0101cijas noteikumi\" \/>\n<meta property=\"og:description\" content=\"Rezerv\u0101cijas un iek\u0161\u0113j\u0101s k\u0101rt\u012bbas noteikumi Reg\u0327istra\u0304cija viesni\u0304ca\u0304: lai reg\u0327istre\u0304tos viesni\u0304ca\u0304, visiem numura\u0304 dzi\u0304vojos\u030cajiem pilngadi\u0304gajiem viesiem ir ja\u0304uzra\u0304da deri\u0304gs personu apliecinos\u030cs dokuments (pase vai ID karte), ka\u0304 ari\u0304 ja\u0304aizpilda viesa reg\u0327istra\u0304cijas anketa; Be\u0304rniem li\u0304dz 18 gadu vecumam ir ja\u0304atrodas veca\u0304ku vai pilnvarotas personas uzraudzi\u0304ba\u0304. Ieras\u030canas laiks viesni\u0304ca\u0304: no plkst. 15:00 \u2013 20:00; Izbrauks\u030canas laiks: li\u0304dz pulkst. [&hellip;]\" \/>\n<meta property=\"og:url\" content=\"https:\/\/gothards.lv\/en\/internal-rules-of-procedure\/\" \/>\n<meta property=\"og:site_name\" content=\"Hotel Gothards\" \/>\n<meta property=\"article:publisher\" content=\"https:\/\/m.facebook.com\/hotelgothards\/\" \/>\n<meta property=\"article:modified_time\" content=\"2024-01-03T08:38:02+00:00\" \/>\n<meta name=\"twitter:card\" content=\"summary_large_image\" \/>\n<meta name=\"twitter:label1\" content=\"Estimated reading time\" \/>\n\t<meta name=\"twitter:data1\" content=\"3 minutes\" \/>\n<script type=\"application\/ld+json\" class=\"yoast-schema-graph\">{\"@context\":\"https:\\\/\\\/schema.org\",\"@graph\":[{\"@type\":\"WebPage\",\"@id\":\"https:\\\/\\\/gothards.lv\\\/rezervacijas-noteikumi\\\/\",\"url\":\"https:\\\/\\\/gothards.lv\\\/rezervacijas-noteikumi\\\/\",\"name\":\"Rezerv\u0101cijas noteikumi - Hotel Gothards\",\"isPartOf\":{\"@id\":\"https:\\\/\\\/gothards.lv\\\/#website\"},\"datePublished\":\"2023-06-13T12:28:36+00:00\",\"dateModified\":\"2024-01-03T08:38:02+00:00\",\"breadcrumb\":{\"@id\":\"https:\\\/\\\/gothards.lv\\\/rezervacijas-noteikumi\\\/#breadcrumb\"},\"inLanguage\":\"en-GB\",\"potentialAction\":[{\"@type\":\"ReadAction\",\"target\":[\"https:\\\/\\\/gothards.lv\\\/rezervacijas-noteikumi\\\/\"]}]},{\"@type\":\"BreadcrumbList\",\"@id\":\"https:\\\/\\\/gothards.lv\\\/rezervacijas-noteikumi\\\/#breadcrumb\",\"itemListElement\":[{\"@type\":\"ListItem\",\"position\":1,\"name\":\"Home\",\"item\":\"https:\\\/\\\/gothards.lv\\\/\"},{\"@type\":\"ListItem\",\"position\":2,\"name\":\"Rezerv\u0101cijas noteikumi\"}]},{\"@type\":\"WebSite\",\"@id\":\"https:\\\/\\\/gothards.lv\\\/#website\",\"url\":\"https:\\\/\\\/gothards.lv\\\/\",\"name\":\"Hotel Gothards Kuldiga\",\"description\":\"\",\"publisher\":{\"@id\":\"https:\\\/\\\/gothards.lv\\\/#organization\"},\"potentialAction\":[{\"@type\":\"SearchAction\",\"target\":{\"@type\":\"EntryPoint\",\"urlTemplate\":\"https:\\\/\\\/gothards.lv\\\/?s={search_term_string}\"},\"query-input\":{\"@type\":\"PropertyValueSpecification\",\"valueRequired\":true,\"valueName\":\"search_term_string\"}}],\"inLanguage\":\"en-GB\"},{\"@type\":\"Organization\",\"@id\":\"https:\\\/\\\/gothards.lv\\\/#organization\",\"name\":\"Hotel Gothards Kuldiga\",\"url\":\"https:\\\/\\\/gothards.lv\\\/\",\"logo\":{\"@type\":\"ImageObject\",\"inLanguage\":\"en-GB\",\"@id\":\"https:\\\/\\\/gothards.lv\\\/#\\\/schema\\\/logo\\\/image\\\/\",\"url\":\"https:\\\/\\\/gothards.lv\\\/wp-content\\\/uploads\\\/2023\\\/02\\\/GOTHARDS-transparent-rectangle-pale.png\",\"contentUrl\":\"https:\\\/\\\/gothards.lv\\\/wp-content\\\/uploads\\\/2023\\\/02\\\/GOTHARDS-transparent-rectangle-pale.png\",\"width\":1223,\"height\":264,\"caption\":\"Hotel Gothards Kuldiga\"},\"image\":{\"@id\":\"https:\\\/\\\/gothards.lv\\\/#\\\/schema\\\/logo\\\/image\\\/\"},\"sameAs\":[\"https:\\\/\\\/m.facebook.com\\\/hotelgothards\\\/\"]}]}<\/script>\n<!-- \/ Yoast SEO Premium plugin. -->","yoast_head_json":{"title":"Rezerv\u0101cijas noteikumi - Hotel Gothards","robots":{"index":"index","follow":"follow","max-snippet":"max-snippet:-1","max-image-preview":"max-image-preview:large","max-video-preview":"max-video-preview:-1"},"canonical":"https:\/\/gothards.lv\/en\/internal-rules-of-procedure\/","og_locale":"en_GB","og_type":"article","og_title":"Rezerv\u0101cijas noteikumi","og_description":"Rezerv\u0101cijas un iek\u0161\u0113j\u0101s k\u0101rt\u012bbas noteikumi Reg\u0327istra\u0304cija viesni\u0304ca\u0304: lai reg\u0327istre\u0304tos viesni\u0304ca\u0304, visiem numura\u0304 dzi\u0304vojos\u030cajiem pilngadi\u0304gajiem viesiem ir ja\u0304uzra\u0304da deri\u0304gs personu apliecinos\u030cs dokuments (pase vai ID karte), ka\u0304 ari\u0304 ja\u0304aizpilda viesa reg\u0327istra\u0304cijas anketa; Be\u0304rniem li\u0304dz 18 gadu vecumam ir ja\u0304atrodas veca\u0304ku vai pilnvarotas personas uzraudzi\u0304ba\u0304. Ieras\u030canas laiks viesni\u0304ca\u0304: no plkst. 15:00 \u2013 20:00; Izbrauks\u030canas laiks: li\u0304dz pulkst. [&hellip;]","og_url":"https:\/\/gothards.lv\/en\/internal-rules-of-procedure\/","og_site_name":"Hotel Gothards","article_publisher":"https:\/\/m.facebook.com\/hotelgothards\/","article_modified_time":"2024-01-03T08:38:02+00:00","twitter_card":"summary_large_image","twitter_misc":{"Estimated reading time":"3 minutes"},"schema":{"@context":"https:\/\/schema.org","@graph":[{"@type":"WebPage","@id":"https:\/\/gothards.lv\/rezervacijas-noteikumi\/","url":"https:\/\/gothards.lv\/rezervacijas-noteikumi\/","name":"Rezerv\u0101cijas noteikumi - Hotel Gothards","isPartOf":{"@id":"https:\/\/gothards.lv\/#website"},"datePublished":"2023-06-13T12:28:36+00:00","dateModified":"2024-01-03T08:38:02+00:00","breadcrumb":{"@id":"https:\/\/gothards.lv\/rezervacijas-noteikumi\/#breadcrumb"},"inLanguage":"en-GB","potentialAction":[{"@type":"ReadAction","target":["https:\/\/gothards.lv\/rezervacijas-noteikumi\/"]}]},{"@type":"BreadcrumbList","@id":"https:\/\/gothards.lv\/rezervacijas-noteikumi\/#breadcrumb","itemListElement":[{"@type":"ListItem","position":1,"name":"Home","item":"https:\/\/gothards.lv\/"},{"@type":"ListItem","position":2,"name":"Rezerv\u0101cijas noteikumi"}]},{"@type":"WebSite","@id":"https:\/\/gothards.lv\/#website","url":"https:\/\/gothards.lv\/","name":"Hotel Gothards Kuldiga","description":"","publisher":{"@id":"https:\/\/gothards.lv\/#organization"},"potentialAction":[{"@type":"SearchAction","target":{"@type":"EntryPoint","urlTemplate":"https:\/\/gothards.lv\/?s={search_term_string}"},"query-input":{"@type":"PropertyValueSpecification","valueRequired":true,"valueName":"search_term_string"}}],"inLanguage":"en-GB"},{"@type":"Organization","@id":"https:\/\/gothards.lv\/#organization","name":"Hotel Gothards Kuldiga","url":"https:\/\/gothards.lv\/","logo":{"@type":"ImageObject","inLanguage":"en-GB","@id":"https:\/\/gothards.lv\/#\/schema\/logo\/image\/","url":"https:\/\/gothards.lv\/wp-content\/uploads\/2023\/02\/GOTHARDS-transparent-rectangle-pale.png","contentUrl":"https:\/\/gothards.lv\/wp-content\/uploads\/2023\/02\/GOTHARDS-transparent-rectangle-pale.png","width":1223,"height":264,"caption":"Hotel Gothards Kuldiga"},"image":{"@id":"https:\/\/gothards.lv\/#\/schema\/logo\/image\/"},"sameAs":["https:\/\/m.facebook.com\/hotelgothards\/"]}]}},"_links":{"self":[{"href":"https:\/\/gothards.lv\/en\/wp-json\/wp\/v2\/pages\/1662","targetHints":{"allow":["GET"]}}],"collection":[{"href":"https:\/\/gothards.lv\/en\/wp-json\/wp\/v2\/pages"}],"about":[{"href":"https:\/\/gothards.lv\/en\/wp-json\/wp\/v2\/types\/page"}],"author":[{"embeddable":true,"href":"https:\/\/gothards.lv\/en\/wp-json\/wp\/v2\/users\/2"}],"replies":[{"embeddable":true,"href":"https:\/\/gothards.lv\/en\/wp-json\/wp\/v2\/comments?post=1662"}],"version-history":[{"count":38,"href":"https:\/\/gothards.lv\/en\/wp-json\/wp\/v2\/pages\/1662\/revisions"}],"predecessor-version":[{"id":3447,"href":"https:\/\/gothards.lv\/en\/wp-json\/wp\/v2\/pages\/1662\/revisions\/3447"}],"wp:attachment":[{"href":"https:\/\/gothards.lv\/en\/wp-json\/wp\/v2\/media?parent=1662"}],"curies":[{"name":"wp","href":"https:\/\/api.w.org\/{rel}","templated":true}]}}